{"id":1721,"date":"2022-10-26T17:49:11","date_gmt":"2022-10-26T17:49:11","guid":{"rendered":"https:\/\/vineyardsnetwork.com\/environmentalhistory\/?page_id=1721"},"modified":"2023-03-02T12:57:19","modified_gmt":"2023-03-02T12:57:19","slug":"annals-of-events","status":"publish","type":"page","link":"https:\/\/vineyardsnetwork.com\/environmentalhistory\/annals-of-events\/","title":{"rendered":"Annals of events"},"content":{"rendered":"\t\t<div data-elementor-type=\"wp-page\" data-elementor-id=\"1721\" class=\"elementor elementor-1721\">\n\t\t\t\t\t\t<section class=\"elementor-section elementor-top-section elementor-element elementor-element-9f0e968 elementor-section-boxed elementor-section-height-default elementor-section-height-default\" data-id=\"9f0e968\" data-element_type=\"section\">\n\t\t\t\t\t\t<div class=\"elementor-container elementor-column-gap-default\">\n\t\t\t\t\t<div class=\"elementor-column elementor-col-50 elementor-top-column elementor-element elementor-element-4370384\" data-id=\"4370384\" data-element_type=\"column\">\n\t\t\t<div class=\"elementor-widget-wrap elementor-element-populated\">\n\t\t\t\t\t\t<div class=\"elementor-element elementor-element-75077af elementor-invisible elementor-widget elementor-widget-image\" data-id=\"75077af\" data-element_type=\"widget\" data-settings=\"{&quot;_animation&quot;:&quot;zoomIn&quot;}\" data-widget_type=\"image.default\">\n\t\t\t\t<div class=\"elementor-widget-container\">\n\t\t\t\t\t\t\t\t\t\t\t\t\t\t\t<img decoding=\"async\" src=\"https:\/\/vineyardsnetwork.com\/environmentalhistory\/wp-content\/uploads\/2023\/03\/gabrieli-anpuh-sc-2022.png\" title=\"\" alt=\"\" loading=\"lazy\" \/>\t\t\t\t\t\t\t\t\t\t\t\t\t\t\t<\/div>\n\t\t\t\t<\/div>\n\t\t\t\t\t<\/div>\n\t\t<\/div>\n\t\t\t\t<div class=\"elementor-column elementor-col-50 elementor-top-column elementor-element elementor-element-bf729cc\" data-id=\"bf729cc\" data-element_type=\"column\">\n\t\t\t<div class=\"elementor-widget-wrap elementor-element-populated\">\n\t\t\t\t\t\t<div class=\"elementor-element elementor-element-192b6ed elementor-widget elementor-widget-text-editor\" data-id=\"192b6ed\" data-element_type=\"widget\" data-widget_type=\"text-editor.default\">\n\t\t\t\t<div class=\"elementor-widget-container\">\n\t\t\t\t\t\t\t\t\t<p>DA COSTA, Gabrieli Elisa; MORETTO, Samira Peruchi. The rise of viticulture in the extreme West of Santa Catarina from the 2000s decade. In: <em>Anais do XXI Encontro Estadual de Hist\u00f3ria da ANPUH-SC<\/em>. Florian\u00f3polis (SC): UDESC, 2022.<\/p><p><a href=\"https:\/\/www.encontro2022.sc.anpuh.org\/resources\/anais\/16\/anpuh-sc-eeh2022\/1663351762_ARQUIVO_4090dc25c6430059132aef38e1365974.pdf\">https:\/\/www.encontro2022.sc.anpuh.org\/resources\/anais\/16\/anpuh-sc-eeh2022\/1663351762_ARQUIVO_4090dc25c6430059132aef38e1365974.pdf<\/a><\/p>\t\t\t\t\t\t\t\t<\/div>\n\t\t\t\t<\/div>\n\t\t\t\t\t<\/div>\n\t\t<\/div>\n\t\t\t\t\t<\/div>\n\t\t<\/section>\n\t\t\t\t<section class=\"elementor-section elementor-top-section elementor-element elementor-element-0ec96c2 elementor-section-boxed elementor-section-height-default elementor-section-height-default\" data-id=\"0ec96c2\" data-element_type=\"section\">\n\t\t\t\t\t\t<div class=\"elementor-container elementor-column-gap-default\">\n\t\t\t\t\t<div class=\"elementor-column elementor-col-50 elementor-top-column elementor-element elementor-element-b3b0961\" data-id=\"b3b0961\" data-element_type=\"column\">\n\t\t\t<div class=\"elementor-widget-wrap elementor-element-populated\">\n\t\t\t\t\t\t<div class=\"elementor-element elementor-element-4a98edb elementor-invisible elementor-widget elementor-widget-image\" data-id=\"4a98edb\" data-element_type=\"widget\" data-settings=\"{&quot;_animation&quot;:&quot;zoomIn&quot;}\" data-widget_type=\"image.default\">\n\t\t\t\t<div class=\"elementor-widget-container\">\n\t\t\t\t\t\t\t\t\t\t\t\t\t\t\t<img decoding=\"async\" src=\"https:\/\/vineyardsnetwork.com\/environmentalhistory\/wp-content\/uploads\/2023\/03\/gabrieli-jornada-ic-2022.png\" title=\"\" alt=\"\" loading=\"lazy\" \/>\t\t\t\t\t\t\t\t\t\t\t\t\t\t\t<\/div>\n\t\t\t\t<\/div>\n\t\t\t\t\t<\/div>\n\t\t<\/div>\n\t\t\t\t<div class=\"elementor-column elementor-col-50 elementor-top-column elementor-element elementor-element-93f61c5\" data-id=\"93f61c5\" data-element_type=\"column\">\n\t\t\t<div class=\"elementor-widget-wrap elementor-element-populated\">\n\t\t\t\t\t\t<div class=\"elementor-element elementor-element-a38d44f elementor-widget elementor-widget-text-editor\" data-id=\"a38d44f\" data-element_type=\"widget\" data-widget_type=\"text-editor.default\">\n\t\t\t\t<div class=\"elementor-widget-container\">\n\t\t\t\t\t\t\t\t\t<p>DA COSTA, Gabrieli Elisa; MORETTO, Samira Peruchi. Environmental History: viticulture in the Midwest of Santa Catarina (1970 to 1990). In: XII Jornada de Inicia\u00e7\u00e3o Cient\u00edfica e Tecnol\u00f3gica, 2022, Chapec\u00f3. <em>Anais [&#8230;]. <\/em>Chapec\u00f3: UFFS, v. 1, n. 12, 2022.<\/p><p><a href=\"https:\/\/portaleventos.uffs.edu.br\/index.php\/JORNADA\/article\/view\/16652\">https:\/\/portaleventos.uffs.edu.br\/index.php\/JORNADA\/article\/view\/16652<\/a><\/p>\t\t\t\t\t\t\t\t<\/div>\n\t\t\t\t<\/div>\n\t\t\t\t\t<\/div>\n\t\t<\/div>\n\t\t\t\t\t<\/div>\n\t\t<\/section>\n\t\t\t\t<section class=\"elementor-section elementor-top-section elementor-element elementor-element-6b2399f elementor-section-boxed elementor-section-height-default elementor-section-height-default\" data-id=\"6b2399f\" data-element_type=\"section\">\n\t\t\t\t\t\t<div class=\"elementor-container elementor-column-gap-default\">\n\t\t\t\t\t<div class=\"elementor-column elementor-col-50 elementor-top-column elementor-element elementor-element-0082d2d\" data-id=\"0082d2d\" data-element_type=\"column\">\n\t\t\t<div class=\"elementor-widget-wrap elementor-element-populated\">\n\t\t\t\t\t\t<div class=\"elementor-element elementor-element-5cbadc1 elementor-invisible elementor-widget elementor-widget-image\" data-id=\"5cbadc1\" data-element_type=\"widget\" data-settings=\"{&quot;_animation&quot;:&quot;zoomIn&quot;}\" data-widget_type=\"image.default\">\n\t\t\t\t<div class=\"elementor-widget-container\">\n\t\t\t\t\t\t\t\t\t\t\t\t\t\t\t<img decoding=\"async\" src=\"https:\/\/vineyardsnetwork.com\/environmentalhistory\/wp-content\/uploads\/2023\/03\/julia-lai-hst-em-debate-2021.png\" title=\"\" alt=\"\" loading=\"lazy\" \/>\t\t\t\t\t\t\t\t\t\t\t\t\t\t\t<\/div>\n\t\t\t\t<\/div>\n\t\t\t\t\t<\/div>\n\t\t<\/div>\n\t\t\t\t<div class=\"elementor-column elementor-col-50 elementor-top-column elementor-element elementor-element-bbe7dda\" data-id=\"bbe7dda\" data-element_type=\"column\">\n\t\t\t<div class=\"elementor-widget-wrap elementor-element-populated\">\n\t\t\t\t\t\t<div class=\"elementor-element elementor-element-491adc1 elementor-widget elementor-widget-text-editor\" data-id=\"491adc1\" data-element_type=\"widget\" data-widget_type=\"text-editor.default\">\n\t\t\t\t<div class=\"elementor-widget-container\">\n\t\t\t\t\t\t\t\t\t<p>TERRERI, Laianny Cristine Gon\u00e7alves; VELASCO, J\u00falia Mai. The cult of the land, the immigrant and the queens: the symbology in the Grape Festivals in southern Brazil. In: Semin\u00e1rio de Pesquisa em Hist\u00f3ria, 6., 2021, Chapec\u00f3. <em>Anais Hist\u00f3ria em Debate<\/em>. Chapec\u00f3: UFFS, v. 4, 2022.\u00a0<\/p><p><a href=\"https:\/\/portaleventos.uffs.edu.br\/index.php\/AHD\/issue\/view\/123\">https:\/\/portaleventos.uffs.edu.br\/index.php\/AHD\/issue\/view\/123<\/a><\/p>\t\t\t\t\t\t\t\t<\/div>\n\t\t\t\t<\/div>\n\t\t\t\t\t<\/div>\n\t\t<\/div>\n\t\t\t\t\t<\/div>\n\t\t<\/section>\n\t\t\t\t<section class=\"elementor-section elementor-top-section elementor-element elementor-element-e78e1a4 elementor-section-boxed elementor-section-height-default elementor-section-height-default\" data-id=\"e78e1a4\" data-element_type=\"section\">\n\t\t\t\t\t\t<div class=\"elementor-container elementor-column-gap-default\">\n\t\t\t\t\t<div class=\"elementor-column elementor-col-50 elementor-top-column elementor-element elementor-element-4f1b5f4\" data-id=\"4f1b5f4\" data-element_type=\"column\">\n\t\t\t<div class=\"elementor-widget-wrap elementor-element-populated\">\n\t\t\t\t\t\t<div class=\"elementor-element elementor-element-5d1c35f elementor-invisible elementor-widget elementor-widget-image\" data-id=\"5d1c35f\" data-element_type=\"widget\" data-settings=\"{&quot;_animation&quot;:&quot;zoomIn&quot;}\" data-widget_type=\"image.default\">\n\t\t\t\t<div class=\"elementor-widget-container\">\n\t\t\t\t\t\t\t\t\t\t\t\t\t\t\t<img decoding=\"async\" src=\"https:\/\/vineyardsnetwork.com\/environmentalhistory\/wp-content\/uploads\/2023\/03\/julia-lai-sepegh-2021.png\" title=\"\" alt=\"\" loading=\"lazy\" \/>\t\t\t\t\t\t\t\t\t\t\t\t\t\t\t<\/div>\n\t\t\t\t<\/div>\n\t\t\t\t\t<\/div>\n\t\t<\/div>\n\t\t\t\t<div class=\"elementor-column elementor-col-50 elementor-top-column elementor-element elementor-element-258e291\" data-id=\"258e291\" data-element_type=\"column\">\n\t\t\t<div class=\"elementor-widget-wrap elementor-element-populated\">\n\t\t\t\t\t\t<div class=\"elementor-element elementor-element-a64d0f3 elementor-widget elementor-widget-text-editor\" data-id=\"a64d0f3\" data-element_type=\"widget\" data-widget_type=\"text-editor.default\">\n\t\t\t\t<div class=\"elementor-widget-container\">\n\t\t\t\t\t\t\t\t\t<p>TERRERI, Laianny Cristine Gon\u00e7alves; VELASCO, J\u00falia Mai. The change in the landscape through the vineyards. In: Semin\u00e1rio de Pesquisa e Ensino da Gradua\u00e7\u00e3o em Hist\u00f3ria, III, 2021, Campinas.<em> Anais [&#8230;]<\/em> . Campinas: Ifch Unicamp, 2022. p. 144-150.\u00a0<\/p><p><a href=\"https:\/\/www.ifch.unicamp.br\/publicacoes\/pub\/livros\/2286\"> https:\/\/www.ifch.unicamp.br\/publicacoes\/pub\/livros\/2286<\/a><\/p>\t\t\t\t\t\t\t\t<\/div>\n\t\t\t\t<\/div>\n\t\t\t\t\t<\/div>\n\t\t<\/div>\n\t\t\t\t\t<\/div>\n\t\t<\/section>\n\t\t\t\t<section class=\"elementor-section elementor-top-section elementor-element elementor-element-95c0fcd elementor-section-boxed elementor-section-height-default elementor-section-height-default\" data-id=\"95c0fcd\" data-element_type=\"section\">\n\t\t\t\t\t\t<div class=\"elementor-container elementor-column-gap-default\">\n\t\t\t\t\t<div class=\"elementor-column elementor-col-33 elementor-top-column elementor-element elementor-element-61d119d\" data-id=\"61d119d\" data-element_type=\"column\">\n\t\t\t<div class=\"elementor-widget-wrap elementor-element-populated\">\n\t\t\t\t\t\t<div class=\"elementor-element elementor-element-5b25897 elementor-widget__width-auto elementor-invisible elementor-widget elementor-widget-image\" data-id=\"5b25897\" data-element_type=\"widget\" data-settings=\"{&quot;_animation&quot;:&quot;zoomIn&quot;}\" data-widget_type=\"image.default\">\n\t\t\t\t<div class=\"elementor-widget-container\">\n\t\t\t\t\t\t\t\t\t\t\t\t\t\t\t<img fetchpriority=\"high\" decoding=\"async\" width=\"214\" height=\"300\" src=\"https:\/\/vineyardsnetwork.com\/environmentalhistory\/wp-content\/uploads\/2022\/10\/2020-encontro-214x300.png\" class=\"attachment-medium size-medium wp-image-1748\" alt=\"\" srcset=\"https:\/\/vineyardsnetwork.com\/environmentalhistory\/wp-content\/uploads\/2022\/10\/2020-encontro-214x300.png 214w, https:\/\/vineyardsnetwork.com\/environmentalhistory\/wp-content\/uploads\/2022\/10\/2020-encontro.png 428w\" sizes=\"(max-width: 214px) 100vw, 214px\" \/>\t\t\t\t\t\t\t\t\t\t\t\t\t\t\t<\/div>\n\t\t\t\t<\/div>\n\t\t\t\t\t<\/div>\n\t\t<\/div>\n\t\t\t\t<div class=\"elementor-column elementor-col-66 elementor-top-column elementor-element elementor-element-e4f6555\" data-id=\"e4f6555\" data-element_type=\"column\">\n\t\t\t<div class=\"elementor-widget-wrap elementor-element-populated\">\n\t\t\t\t\t\t<div class=\"elementor-element elementor-element-4faa9af elementor-widget elementor-widget-text-editor\" data-id=\"4faa9af\" data-element_type=\"widget\" data-widget_type=\"text-editor.default\">\n\t\t\t\t<div class=\"elementor-widget-container\">\n\t\t\t\t\t\t\t\t\t<p>FERRI, Gil K.; NODARI, Eunice S.; NODARI, Rubens O. Vitiviniculture in the Santa Catarina Plateau: preliminary observations from the perspective of Global Environmental History. In:\u00a0 <em>Proceedings of the 18th State Meeting of History of ANPUH-SC<\/em>. Crici\u00fama: UNESC, 2020. p. 01-12.<\/p><p><a href=\"https:\/\/www.encontro2020.sc.anpuh.org\/anais\/trabalhos\/comunicacaooral#G\" target=\"_blank\" rel=\"noopener\">https:\/\/www.encontro2020.sc.anpuh.org\/anais\/trabalhos\/comunicacaooral<\/a><\/p>\t\t\t\t\t\t\t\t<\/div>\n\t\t\t\t<\/div>\n\t\t\t\t\t<\/div>\n\t\t<\/div>\n\t\t\t\t\t<\/div>\n\t\t<\/section>\n\t\t\t\t<section class=\"elementor-section elementor-top-section elementor-element elementor-element-5addcb9 elementor-section-boxed elementor-section-height-default elementor-section-height-default\" data-id=\"5addcb9\" data-element_type=\"section\">\n\t\t\t\t\t\t<div class=\"elementor-container elementor-column-gap-default\">\n\t\t\t\t\t<div class=\"elementor-column elementor-col-33 elementor-top-column elementor-element elementor-element-43fd14b\" data-id=\"43fd14b\" data-element_type=\"column\">\n\t\t\t<div class=\"elementor-widget-wrap elementor-element-populated\">\n\t\t\t\t\t\t<div class=\"elementor-element elementor-element-a4fd8c8 elementor-widget__width-auto elementor-invisible elementor-widget elementor-widget-image\" data-id=\"a4fd8c8\" data-element_type=\"widget\" data-settings=\"{&quot;_animation&quot;:&quot;zoomIn&quot;}\" data-widget_type=\"image.default\">\n\t\t\t\t<div class=\"elementor-widget-container\">\n\t\t\t\t\t\t\t\t\t\t\t\t\t\t\t<img decoding=\"async\" width=\"218\" height=\"300\" src=\"https:\/\/vineyardsnetwork.com\/environmentalhistory\/wp-content\/uploads\/2022\/10\/2020-actas-218x300.jpg\" class=\"attachment-medium size-medium wp-image-1805\" alt=\"\" srcset=\"https:\/\/vineyardsnetwork.com\/environmentalhistory\/wp-content\/uploads\/2022\/10\/2020-actas-218x300.jpg 218w, https:\/\/vineyardsnetwork.com\/environmentalhistory\/wp-content\/uploads\/2022\/10\/2020-actas.jpg 480w\" sizes=\"(max-width: 218px) 100vw, 218px\" \/>\t\t\t\t\t\t\t\t\t\t\t\t\t\t\t<\/div>\n\t\t\t\t<\/div>\n\t\t\t\t\t<\/div>\n\t\t<\/div>\n\t\t\t\t<div class=\"elementor-column elementor-col-66 elementor-top-column elementor-element elementor-element-0ca8981\" data-id=\"0ca8981\" data-element_type=\"column\">\n\t\t\t<div class=\"elementor-widget-wrap elementor-element-populated\">\n\t\t\t\t\t\t<div class=\"elementor-element elementor-element-2fb2c28 elementor-widget elementor-widget-text-editor\" data-id=\"2fb2c28\" data-element_type=\"widget\" data-widget_type=\"text-editor.default\">\n\t\t\t\t<div class=\"elementor-widget-container\">\n\t\t\t\t\t\t\t\t\t<p>JIM\u00c9NEZ, Carlos N.; MIRAGLIA, Marina; SPINA, Ver\u00f3nica and VILLALBA, Braian. Methodology for integrating historical cartography of the RMBA into a display of web maps. In: POTOCKO, Alejandra (Org.). Proceedings of the 4th Latin American Congress of Urban Studies: Metropolitan transformations in Latin America. Buenos Aires: Universidad Nacional de General Sarmiento, 2020. p. 2689-2713.<\/p><p><a href=\"http:\/\/abcdnuevo.ungs.edu.ar\/bases\/cungs\/docs\/Actas_A_Potocko_V.pdf\" target=\"_blank\" rel=\"noopener\">http:\/\/abcdnuevo.ungs.edu.ar\/bases\/cungs\/docs\/Actas_A_Potocko_V.pdf<\/a><\/p>\t\t\t\t\t\t\t\t<\/div>\n\t\t\t\t<\/div>\n\t\t\t\t\t<\/div>\n\t\t<\/div>\n\t\t\t\t\t<\/div>\n\t\t<\/section>\n\t\t\t\t<\/div>\n\t\t","protected":false},"excerpt":{"rendered":"<p>DA COSTA, Gabrieli Elisa; MORETTO, Samira Peruchi. The rise of viticulture in the extreme West of Santa Catarina from the [&#8230;]<\/p>\n","protected":false},"author":1,"featured_media":0,"parent":0,"menu_order":0,"comment_status":"closed","ping_status":"closed","template":"","meta":{"ngg_post_thumbnail":0,"footnotes":""},"class_list":["post-1721","page","type-page","status-publish","hentry"],"_links":{"self":[{"href":"https:\/\/vineyardsnetwork.com\/environmentalhistory\/wp-json\/wp\/v2\/pages\/1721","targetHints":{"allow":["GET"]}}],"collection":[{"href":"https:\/\/vineyardsnetwork.com\/environmentalhistory\/wp-json\/wp\/v2\/pages"}],"about":[{"href":"https:\/\/vineyardsnetwork.com\/environmentalhistory\/wp-json\/wp\/v2\/types\/page"}],"author":[{"embeddable":true,"href":"https:\/\/vineyardsnetwork.com\/environmentalhistory\/wp-json\/wp\/v2\/users\/1"}],"replies":[{"embeddable":true,"href":"https:\/\/vineyardsnetwork.com\/environmentalhistory\/wp-json\/wp\/v2\/comments?post=1721"}],"version-history":[{"count":43,"href":"https:\/\/vineyardsnetwork.com\/environmentalhistory\/wp-json\/wp\/v2\/pages\/1721\/revisions"}],"predecessor-version":[{"id":1811,"href":"https:\/\/vineyardsnetwork.com\/environmentalhistory\/wp-json\/wp\/v2\/pages\/1721\/revisions\/1811"}],"wp:attachment":[{"href":"https:\/\/vineyardsnetwork.com\/environmentalhistory\/wp-json\/wp\/v2\/media?parent=1721"}],"curies":[{"name":"wp","href":"https:\/\/api.w.org\/{rel}","templated":true}]}}