{"id":1497,"date":"2022-10-07T18:14:40","date_gmt":"2022-10-07T18:14:40","guid":{"rendered":"https:\/\/vineyardsnetwork.com\/environmentalhistory\/?page_id=1497"},"modified":"2023-02-28T14:26:23","modified_gmt":"2023-02-28T14:26:23","slug":"book-chapters","status":"publish","type":"page","link":"https:\/\/vineyardsnetwork.com\/environmentalhistory\/book-chapters\/","title":{"rendered":"Book chapters"},"content":{"rendered":"\t\t<div data-elementor-type=\"wp-page\" data-elementor-id=\"1497\" class=\"elementor elementor-1497\">\n\t\t\t\t\t\t<section class=\"elementor-section elementor-top-section elementor-element elementor-element-86b1fbd elementor-section-boxed elementor-section-height-default elementor-section-height-default\" data-id=\"86b1fbd\" data-element_type=\"section\">\n\t\t\t\t\t\t<div class=\"elementor-container elementor-column-gap-default\">\n\t\t\t\t\t<div class=\"elementor-column elementor-col-50 elementor-top-column elementor-element elementor-element-e9b9d5d\" data-id=\"e9b9d5d\" data-element_type=\"column\">\n\t\t\t<div class=\"elementor-widget-wrap elementor-element-populated\">\n\t\t\t\t\t\t<div class=\"elementor-element elementor-element-566355a elementor-invisible elementor-widget elementor-widget-image\" data-id=\"566355a\" data-element_type=\"widget\" data-settings=\"{&quot;_animation&quot;:&quot;zoomIn&quot;}\" data-widget_type=\"image.default\">\n\t\t\t\t<div class=\"elementor-widget-container\">\n\t\t\t\t\t\t\t\t\t\t\t\t\t\t\t<img decoding=\"async\" src=\"https:\/\/vineyardsnetwork.com\/environmentalhistory\/wp-content\/uploads\/2023\/02\/ayala-cap-5-2022.png\" title=\"\" alt=\"\" loading=\"lazy\" \/>\t\t\t\t\t\t\t\t\t\t\t\t\t\t\t<\/div>\n\t\t\t\t<\/div>\n\t\t\t\t\t<\/div>\n\t\t<\/div>\n\t\t\t\t<div class=\"elementor-column elementor-col-50 elementor-top-column elementor-element elementor-element-fda3ed2\" data-id=\"fda3ed2\" data-element_type=\"column\">\n\t\t\t<div class=\"elementor-widget-wrap elementor-element-populated\">\n\t\t\t\t\t\t<div class=\"elementor-element elementor-element-a97dd83 elementor-widget elementor-widget-text-editor\" data-id=\"a97dd83\" data-element_type=\"widget\" data-widget_type=\"text-editor.default\">\n\t\t\t\t<div class=\"elementor-widget-container\">\n\t\t\t\t\t\t\t\t\t<p>AYALA, Wladimir Mej\u00eda. An approach to winemaking in Colombia from the perspective of tourism and culture. In: BINDI, Letizia (Ed.). <em>Perspectives on Rural Development: <\/em>bio-cultural heritage and communities of practice. Participatory processes in territorial development as a multidisciplinary fieldwork. Lecce: Universit\u00e0 del Salento, 2022. p. 139-166.<\/p><p><a href=\"http:\/\/dx.doi.org\/10.1285\/i26113775n6\">http:\/\/dx.doi.org\/10.1285\/i26113775n6<\/a>\u00a0<\/p>\t\t\t\t\t\t\t\t<\/div>\n\t\t\t\t<\/div>\n\t\t\t\t\t<\/div>\n\t\t<\/div>\n\t\t\t\t\t<\/div>\n\t\t<\/section>\n\t\t\t\t<section class=\"elementor-section elementor-top-section elementor-element elementor-element-a0403b8 elementor-section-boxed elementor-section-height-default elementor-section-height-default\" data-id=\"a0403b8\" data-element_type=\"section\">\n\t\t\t\t\t\t<div class=\"elementor-container elementor-column-gap-default\">\n\t\t\t\t\t<div class=\"elementor-column elementor-col-50 elementor-top-column elementor-element elementor-element-ab32b49\" data-id=\"ab32b49\" data-element_type=\"column\">\n\t\t\t<div class=\"elementor-widget-wrap elementor-element-populated\">\n\t\t\t\t\t\t<div class=\"elementor-element elementor-element-5499dac elementor-invisible elementor-widget elementor-widget-image\" data-id=\"5499dac\" data-element_type=\"widget\" data-settings=\"{&quot;_animation&quot;:&quot;zoomIn&quot;}\" data-widget_type=\"image.default\">\n\t\t\t\t<div class=\"elementor-widget-container\">\n\t\t\t\t\t\t\t\t\t\t\t\t\t\t\t<img decoding=\"async\" src=\"https:\/\/vineyardsnetwork.com\/environmentalhistory\/wp-content\/uploads\/2023\/02\/ayala-letra-capital-2022-1.png\" title=\"\" alt=\"\" loading=\"lazy\" \/>\t\t\t\t\t\t\t\t\t\t\t\t\t\t\t<\/div>\n\t\t\t\t<\/div>\n\t\t\t\t\t<\/div>\n\t\t<\/div>\n\t\t\t\t<div class=\"elementor-column elementor-col-50 elementor-top-column elementor-element elementor-element-8ef9dd0\" data-id=\"8ef9dd0\" data-element_type=\"column\">\n\t\t\t<div class=\"elementor-widget-wrap elementor-element-populated\">\n\t\t\t\t\t\t<div class=\"elementor-element elementor-element-625c55a elementor-widget elementor-widget-text-editor\" data-id=\"625c55a\" data-element_type=\"widget\" data-widget_type=\"text-editor.default\">\n\t\t\t\t<div class=\"elementor-widget-container\">\n\t\t\t\t\t\t\t\t\t<p>AYALA, Wladimir Mej\u00eda. A wine geography in Colombia? Location, production and consumption. In: ROCHA, Andr\u00e9 Santos da; SAQUET, Marcos Aur\u00e9lio; GRIGNOLI, Daniela (org.). <em>New paradigms and new action models:<\/em> from global to local or from local to global?. Rio de Janeiro: Letra Capital, 2022. p. 121-133.<\/p><p><a href=\"https:\/\/vineyardsnetwork.com\/environmentalhistory\/wp-content\/uploads\/2023\/02\/Ayala_Geografia_del_Vino.pdf\">https:\/\/vineyardsnetwork.com\/environmentalhistory\/wp-content\/uploads\/2023\/02\/Ayala_Geografia_del_Vino.pdf<\/a><\/p>\t\t\t\t\t\t\t\t<\/div>\n\t\t\t\t<\/div>\n\t\t\t\t\t<\/div>\n\t\t<\/div>\n\t\t\t\t\t<\/div>\n\t\t<\/section>\n\t\t\t\t<section class=\"elementor-section elementor-top-section elementor-element elementor-element-120d3fc elementor-section-boxed elementor-section-height-default elementor-section-height-default\" data-id=\"120d3fc\" data-element_type=\"section\">\n\t\t\t\t\t\t<div class=\"elementor-container elementor-column-gap-default\">\n\t\t\t\t\t<div class=\"elementor-column elementor-col-50 elementor-top-column elementor-element elementor-element-2089a58\" data-id=\"2089a58\" data-element_type=\"column\">\n\t\t\t<div class=\"elementor-widget-wrap elementor-element-populated\">\n\t\t\t\t\t\t<div class=\"elementor-element elementor-element-c8b0b2c elementor-invisible elementor-widget elementor-widget-image\" data-id=\"c8b0b2c\" data-element_type=\"widget\" data-settings=\"{&quot;_animation&quot;:&quot;zoomIn&quot;}\" data-widget_type=\"image.default\">\n\t\t\t\t<div class=\"elementor-widget-container\">\n\t\t\t\t\t\t\t\t\t\t\t\t\t\t\t<img decoding=\"async\" src=\"https:\/\/vineyardsnetwork.com\/environmentalhistory\/wp-content\/uploads\/2023\/02\/diana-lizbeth-cap-3-livro-uabc.png\" title=\"\" alt=\"\" loading=\"lazy\" \/>\t\t\t\t\t\t\t\t\t\t\t\t\t\t\t<\/div>\n\t\t\t\t<\/div>\n\t\t\t\t\t<\/div>\n\t\t<\/div>\n\t\t\t\t<div class=\"elementor-column elementor-col-50 elementor-top-column elementor-element elementor-element-0ea0212\" data-id=\"0ea0212\" data-element_type=\"column\">\n\t\t\t<div class=\"elementor-widget-wrap elementor-element-populated\">\n\t\t\t\t\t\t<div class=\"elementor-element elementor-element-fd78801 elementor-widget elementor-widget-text-editor\" data-id=\"fd78801\" data-element_type=\"widget\" data-widget_type=\"text-editor.default\">\n\t\t\t\t<div class=\"elementor-widget-container\">\n\t\t\t\t\t\t\t\t\t<p>MEDINA, Diana Lizbeth Mendez. Capital entrepreneurs in the Baja California wine industry in the mid-twentieth century: the case of Rancho Viejo wineries. In: F\u00c9LIX, Maricela Gonz\u00e1lez; REYES, Jes\u00fas M\u00e9ndez (Org.). <em>Economic sectors, political arrangements and businessmen in Baja California: <\/em>insights from recent history, 1900-1976. Mexicali: Universidad Aut\u00f3noma de Baja California, 2021. p. 93-121.<\/p><p><a href=\"https:\/\/vineyardsnetwork.com\/environmentalhistory\/wp-content\/uploads\/2023\/02\/Medina_Bodegas_Rancho_Viejo.pdf\">https:\/\/vineyardsnetwork.com\/environmentalhistory\/wp-content\/uploads\/2023\/02\/Medina_Bodegas_Rancho_Viejo.pdf<\/a><\/p>\t\t\t\t\t\t\t\t<\/div>\n\t\t\t\t<\/div>\n\t\t\t\t\t<\/div>\n\t\t<\/div>\n\t\t\t\t\t<\/div>\n\t\t<\/section>\n\t\t\t\t<section class=\"elementor-section elementor-top-section elementor-element elementor-element-175868a elementor-section-boxed elementor-section-height-default elementor-section-height-default\" data-id=\"175868a\" data-element_type=\"section\">\n\t\t\t\t\t\t<div class=\"elementor-container elementor-column-gap-default\">\n\t\t\t\t\t<div class=\"elementor-column elementor-col-33 elementor-top-column elementor-element elementor-element-4741898\" data-id=\"4741898\" data-element_type=\"column\">\n\t\t\t<div class=\"elementor-widget-wrap elementor-element-populated\">\n\t\t\t\t\t\t<div class=\"elementor-element elementor-element-4ad7162 elementor-widget__width-auto elementor-invisible elementor-widget elementor-widget-image\" data-id=\"4ad7162\" data-element_type=\"widget\" data-settings=\"{&quot;_animation&quot;:&quot;zoomIn&quot;}\" data-widget_type=\"image.default\">\n\t\t\t\t<div class=\"elementor-widget-container\">\n\t\t\t\t\t\t\t\t\t\t\t\t\t\t\t<img fetchpriority=\"high\" decoding=\"async\" width=\"222\" height=\"300\" src=\"https:\/\/vineyardsnetwork.com\/environmentalhistory\/wp-content\/uploads\/2022\/10\/notas-222x300.jpg\" class=\"attachment-medium size-medium wp-image-1572\" alt=\"\" srcset=\"https:\/\/vineyardsnetwork.com\/environmentalhistory\/wp-content\/uploads\/2022\/10\/notas-222x300.jpg 222w, https:\/\/vineyardsnetwork.com\/environmentalhistory\/wp-content\/uploads\/2022\/10\/notas.jpg 400w\" sizes=\"(max-width: 222px) 100vw, 222px\" \/>\t\t\t\t\t\t\t\t\t\t\t\t\t\t\t<\/div>\n\t\t\t\t<\/div>\n\t\t\t\t\t<\/div>\n\t\t<\/div>\n\t\t\t\t<div class=\"elementor-column elementor-col-66 elementor-top-column elementor-element elementor-element-625750e\" data-id=\"625750e\" data-element_type=\"column\">\n\t\t\t<div class=\"elementor-widget-wrap elementor-element-populated\">\n\t\t\t\t\t\t<div class=\"elementor-element elementor-element-08715b9 elementor-widget elementor-widget-text-editor\" data-id=\"08715b9\" data-element_type=\"widget\" data-widget_type=\"text-editor.default\">\n\t\t\t\t<div class=\"elementor-widget-container\">\n\t\t\t\t\t\t\t\t\t<p>MART\u00cdN, Facundo; LARSIMONT, Robin. Postcards and new landscapes: News on water and agribusiness. In: MORALES, Orlando Gabriel (Ed.). <em>Vitivinicultura and celebraciones vendimiales<\/em>.\u00a0 Mendoza: INCIHUSA, 2018. p. 126-129.<\/p><p><a href=\"https:\/\/incihusa.mendoza-conicet.gob.ar\/jspui\/handle\/9999\/252\" target=\"_blank\" rel=\"noopener\">https:\/\/incihusa.mendoza-conicet.gob.ar\/jspui\/handle\/9999\/252<\/a><\/p>\t\t\t\t\t\t\t\t<\/div>\n\t\t\t\t<\/div>\n\t\t\t\t\t<\/div>\n\t\t<\/div>\n\t\t\t\t\t<\/div>\n\t\t<\/section>\n\t\t\t\t<section class=\"elementor-section elementor-top-section elementor-element elementor-element-b1d231c elementor-section-boxed elementor-section-height-default elementor-section-height-default\" data-id=\"b1d231c\" data-element_type=\"section\">\n\t\t\t\t\t\t<div class=\"elementor-container elementor-column-gap-default\">\n\t\t\t\t\t<div class=\"elementor-column elementor-col-50 elementor-top-column elementor-element elementor-element-165ec6e\" data-id=\"165ec6e\" data-element_type=\"column\">\n\t\t\t<div class=\"elementor-widget-wrap elementor-element-populated\">\n\t\t\t\t\t\t<div class=\"elementor-element elementor-element-99943a7 elementor-invisible elementor-widget elementor-widget-image\" data-id=\"99943a7\" data-element_type=\"widget\" data-settings=\"{&quot;_animation&quot;:&quot;zoomIn&quot;}\" data-widget_type=\"image.default\">\n\t\t\t\t<div class=\"elementor-widget-container\">\n\t\t\t\t\t\t\t\t\t\t\t\t\t\t\t<img decoding=\"async\" src=\"https:\/\/vineyardsnetwork.com\/environmentalhistory\/wp-content\/uploads\/2023\/02\/diana-lizbeth-livro-uabc.png\" title=\"\" alt=\"\" loading=\"lazy\" \/>\t\t\t\t\t\t\t\t\t\t\t\t\t\t\t<\/div>\n\t\t\t\t<\/div>\n\t\t\t\t\t<\/div>\n\t\t<\/div>\n\t\t\t\t<div class=\"elementor-column elementor-col-50 elementor-top-column elementor-element elementor-element-9b48827\" data-id=\"9b48827\" data-element_type=\"column\">\n\t\t\t<div class=\"elementor-widget-wrap elementor-element-populated\">\n\t\t\t\t\t\t<div class=\"elementor-element elementor-element-70ba9f0 elementor-widget elementor-widget-text-editor\" data-id=\"70ba9f0\" data-element_type=\"widget\" data-widget_type=\"text-editor.default\">\n\t\t\t\t<div class=\"elementor-widget-container\">\n\t\t\t\t\t\t\t\t\t<p>MEDINA, Diana Lizbeth Mendez. Bodegas de Santo Tomas conformation and operation of the winery, 1931-1952. In: GONZ\u00c1LEZ, Norma del Carmen Cruz; MEDINA, Diana Lizbeth Mendes (org.). <em>Approaches from northwestern Mexico: <\/em>settlement and economic activities in Baja California and Sonora, 18th to 20th centuries. Mexicali: Universidad Aut\u00f3noma de Baja California, 2018. p. 131-167.<\/p><p><a href=\"https:\/\/vineyardsnetwork.com\/environmentalhistory\/wp-content\/uploads\/2023\/02\/Medina_Bodegas_de_Santo_Tomas.pdf\">https:\/\/vineyardsnetwork.com\/environmentalhistory\/wp-content\/uploads\/2023\/02\/Medina_Bodegas_de_Santo_Tomas.pdf<\/a><\/p>\t\t\t\t\t\t\t\t<\/div>\n\t\t\t\t<\/div>\n\t\t\t\t\t<\/div>\n\t\t<\/div>\n\t\t\t\t\t<\/div>\n\t\t<\/section>\n\t\t\t\t<section class=\"elementor-section elementor-top-section elementor-element elementor-element-800e495 elementor-section-boxed elementor-section-height-default elementor-section-height-default\" data-id=\"800e495\" data-element_type=\"section\">\n\t\t\t\t\t\t<div class=\"elementor-container elementor-column-gap-default\">\n\t\t\t\t\t<div class=\"elementor-column elementor-col-33 elementor-top-column elementor-element elementor-element-92be29a\" data-id=\"92be29a\" data-element_type=\"column\">\n\t\t\t<div class=\"elementor-widget-wrap elementor-element-populated\">\n\t\t\t\t\t\t<div class=\"elementor-element elementor-element-ca0f0e9 elementor-widget__width-auto elementor-invisible elementor-widget elementor-widget-image\" data-id=\"ca0f0e9\" data-element_type=\"widget\" data-settings=\"{&quot;_animation&quot;:&quot;zoomIn&quot;}\" data-widget_type=\"image.default\">\n\t\t\t\t<div class=\"elementor-widget-container\">\n\t\t\t\t\t\t\t\t\t\t\t\t\t\t\t<img decoding=\"async\" width=\"205\" height=\"300\" src=\"https:\/\/vineyardsnetwork.com\/environmentalhistory\/wp-content\/uploads\/2022\/10\/2017-dialogos-205x300.jpg\" class=\"attachment-medium size-medium wp-image-1501\" alt=\"\" srcset=\"https:\/\/vineyardsnetwork.com\/environmentalhistory\/wp-content\/uploads\/2022\/10\/2017-dialogos-205x300.jpg 205w, https:\/\/vineyardsnetwork.com\/environmentalhistory\/wp-content\/uploads\/2022\/10\/2017-dialogos.jpg 400w\" sizes=\"(max-width: 205px) 100vw, 205px\" \/>\t\t\t\t\t\t\t\t\t\t\t\t\t\t\t<\/div>\n\t\t\t\t<\/div>\n\t\t\t\t\t<\/div>\n\t\t<\/div>\n\t\t\t\t<div class=\"elementor-column elementor-col-66 elementor-top-column elementor-element elementor-element-cfc249c\" data-id=\"cfc249c\" data-element_type=\"column\">\n\t\t\t<div class=\"elementor-widget-wrap elementor-element-populated\">\n\t\t\t\t\t\t<div class=\"elementor-element elementor-element-1ab7e7f elementor-widget elementor-widget-text-editor\" data-id=\"1ab7e7f\" data-element_type=\"widget\" data-widget_type=\"text-editor.default\">\n\t\t\t\t<div class=\"elementor-widget-container\">\n\t\t\t\t\t\t\t\t\t<p>NODARI, Eunice Sueli. Between forests and vineyards: vitiviniculture in the Alto Vale do Rio do Peixe\/SC. In: GERHARDT, Marcos; NODARI, Eunice S.; MORETTO, Samira P. (Orgs.). <em>Environmental history and migration:<\/em> dialogues. S\u00e3o Leopoldo; Chapec\u00f3: Oikos; UFFS, 2017. p. 81-94.<\/p>\t\t\t\t\t\t\t\t<\/div>\n\t\t\t\t<\/div>\n\t\t\t\t<div class=\"elementor-element elementor-element-2b3d73d elementor-widget elementor-widget-image\" data-id=\"2b3d73d\" data-element_type=\"widget\" data-widget_type=\"image.default\">\n\t\t\t\t<div class=\"elementor-widget-container\">\n\t\t\t\t\t\t\t\t\t\t\t\t\t\t\t\t<a href=\"http:\/\/books.scielo.org\/id\/ggrv9\" target=\"_blank\">\n\t\t\t\t\t\t\t<img decoding=\"async\" width=\"134\" height=\"133\" src=\"https:\/\/vineyardsnetwork.com\/environmentalhistory\/wp-content\/uploads\/2022\/10\/scielo.png\" class=\"attachment-medium size-medium wp-image-1523\" alt=\"\" \/>\t\t\t\t\t\t\t\t<\/a>\n\t\t\t\t\t\t\t\t\t\t\t\t\t\t\t<\/div>\n\t\t\t\t<\/div>\n\t\t\t\t\t<\/div>\n\t\t<\/div>\n\t\t\t\t\t<\/div>\n\t\t<\/section>\n\t\t\t\t<section class=\"elementor-section elementor-top-section elementor-element elementor-element-c160ed2 elementor-section-boxed elementor-section-height-default elementor-section-height-default\" data-id=\"c160ed2\" data-element_type=\"section\">\n\t\t\t\t\t\t<div class=\"elementor-container elementor-column-gap-default\">\n\t\t\t\t\t<div class=\"elementor-column elementor-col-33 elementor-top-column elementor-element elementor-element-6ba2019\" data-id=\"6ba2019\" data-element_type=\"column\">\n\t\t\t<div class=\"elementor-widget-wrap elementor-element-populated\">\n\t\t\t\t\t\t<div class=\"elementor-element elementor-element-5e991c2 elementor-widget__width-auto elementor-invisible elementor-widget elementor-widget-image\" data-id=\"5e991c2\" data-element_type=\"widget\" data-settings=\"{&quot;_animation&quot;:&quot;zoomIn&quot;}\" data-widget_type=\"image.default\">\n\t\t\t\t<div class=\"elementor-widget-container\">\n\t\t\t\t\t\t\t\t\t\t\t\t\t\t\t<img loading=\"lazy\" decoding=\"async\" width=\"207\" height=\"300\" src=\"https:\/\/vineyardsnetwork.com\/environmentalhistory\/wp-content\/uploads\/2022\/10\/cartografias-207x300.jpg\" class=\"attachment-medium size-medium wp-image-1543\" alt=\"\" srcset=\"https:\/\/vineyardsnetwork.com\/environmentalhistory\/wp-content\/uploads\/2022\/10\/cartografias-207x300.jpg 207w, https:\/\/vineyardsnetwork.com\/environmentalhistory\/wp-content\/uploads\/2022\/10\/cartografias.jpg 400w\" sizes=\"(max-width: 207px) 100vw, 207px\" \/>\t\t\t\t\t\t\t\t\t\t\t\t\t\t\t<\/div>\n\t\t\t\t<\/div>\n\t\t\t\t\t<\/div>\n\t\t<\/div>\n\t\t\t\t<div class=\"elementor-column elementor-col-66 elementor-top-column elementor-element elementor-element-ba3916c\" data-id=\"ba3916c\" data-element_type=\"column\">\n\t\t\t<div class=\"elementor-widget-wrap elementor-element-populated\">\n\t\t\t\t\t\t<div class=\"elementor-element elementor-element-7437b43 elementor-widget elementor-widget-text-editor\" data-id=\"7437b43\" data-element_type=\"widget\" data-widget_type=\"text-editor.default\">\n\t\t\t\t<div class=\"elementor-widget-container\">\n\t\t\t\t\t\t\t\t\t<p>MART\u00cdN, Facundo; LARSIMONT, Robin Larsimont. Water, power and socio-spatial inequality: A new hydrosocial cycle in Mendoza, Argentina (1990-2015). In: MERLINSKY, Gabriela (Ed.). <em>Cartographies of the environmental conflict in Argentina<\/em>. Buenos Aires: Clacso; Ciccus, 2016.<\/p>\t\t\t\t\t\t\t\t<\/div>\n\t\t\t\t<\/div>\n\t\t\t\t<div class=\"elementor-element elementor-element-2267e54 elementor-widget elementor-widget-image\" data-id=\"2267e54\" data-element_type=\"widget\" data-widget_type=\"image.default\">\n\t\t\t\t<div class=\"elementor-widget-container\">\n\t\t\t\t\t\t\t\t\t\t\t\t\t\t\t\t<a href=\"https:\/\/www.jstor.org\/stable\/j.ctvt6rkxj.5\" target=\"_blank\" download=\"\">\n\t\t\t\t\t\t\t<img loading=\"lazy\" decoding=\"async\" width=\"105\" height=\"143\" src=\"https:\/\/vineyardsnetwork.com\/environmentalhistory\/wp-content\/uploads\/2022\/10\/jstor.png\" class=\"attachment-medium size-medium wp-image-1544\" alt=\"\" \/>\t\t\t\t\t\t\t\t<\/a>\n\t\t\t\t\t\t\t\t\t\t\t\t\t\t\t<\/div>\n\t\t\t\t<\/div>\n\t\t\t\t\t<\/div>\n\t\t<\/div>\n\t\t\t\t\t<\/div>\n\t\t<\/section>\n\t\t\t\t<section class=\"elementor-section elementor-top-section elementor-element elementor-element-6169082 elementor-section-boxed elementor-section-height-default elementor-section-height-default\" data-id=\"6169082\" data-element_type=\"section\">\n\t\t\t\t\t\t<div class=\"elementor-container elementor-column-gap-default\">\n\t\t\t\t\t<div class=\"elementor-column elementor-col-33 elementor-top-column elementor-element elementor-element-9a6eb0a\" data-id=\"9a6eb0a\" data-element_type=\"column\">\n\t\t\t<div class=\"elementor-widget-wrap elementor-element-populated\">\n\t\t\t\t\t\t<div class=\"elementor-element elementor-element-5aec423 elementor-widget__width-auto elementor-invisible elementor-widget elementor-widget-image\" data-id=\"5aec423\" data-element_type=\"widget\" data-settings=\"{&quot;_animation&quot;:&quot;zoomIn&quot;}\" data-widget_type=\"image.default\">\n\t\t\t\t<div class=\"elementor-widget-container\">\n\t\t\t\t\t\t\t\t\t\t\t\t\t\t\t<img loading=\"lazy\" decoding=\"async\" width=\"200\" height=\"300\" src=\"https:\/\/vineyardsnetwork.com\/environmentalhistory\/wp-content\/uploads\/2022\/10\/sujetos-200x300.jpg\" class=\"attachment-medium size-medium wp-image-1558\" alt=\"\" srcset=\"https:\/\/vineyardsnetwork.com\/environmentalhistory\/wp-content\/uploads\/2022\/10\/sujetos-200x300.jpg 200w, https:\/\/vineyardsnetwork.com\/environmentalhistory\/wp-content\/uploads\/2022\/10\/sujetos.jpg 400w\" sizes=\"(max-width: 200px) 100vw, 200px\" \/>\t\t\t\t\t\t\t\t\t\t\t\t\t\t\t<\/div>\n\t\t\t\t<\/div>\n\t\t\t\t\t<\/div>\n\t\t<\/div>\n\t\t\t\t<div class=\"elementor-column elementor-col-66 elementor-top-column elementor-element elementor-element-f0971ae\" data-id=\"f0971ae\" data-element_type=\"column\">\n\t\t\t<div class=\"elementor-widget-wrap elementor-element-populated\">\n\t\t\t\t\t\t<div class=\"elementor-element elementor-element-9a405f9 elementor-widget elementor-widget-text-editor\" data-id=\"9a405f9\" data-element_type=\"widget\" data-widget_type=\"text-editor.default\">\n\t\t\t\t<div class=\"elementor-widget-container\">\n\t\t\t\t\t\t\t\t\t<p>CERD\u00c1, Juan Manuel; HERN\u00c1NDEZ DUARTE, Ricardo Jos\u00e9. The new profile of Mendocino wine producers: Heterogeneities of a modernization process. In: MUZLERA, Jos\u00e9; SALON\u00d3N, Alejandra (Coord.). <em>Social actors in Argentine agriculture<\/em>. Rosario: Prohistoria, 2013.<\/p><p><a href=\"https:\/\/prohistoria.com.ar\/#!\/producto\/2009\/\" target=\"_blank\" rel=\"noopener\">https:\/\/prohistoria.com.ar\/#!\/producto\/2009\/<\/a><\/p>\t\t\t\t\t\t\t\t<\/div>\n\t\t\t\t<\/div>\n\t\t\t\t\t<\/div>\n\t\t<\/div>\n\t\t\t\t\t<\/div>\n\t\t<\/section>\n\t\t\t\t<\/div>\n\t\t","protected":false},"excerpt":{"rendered":"<p>AYALA, Wladimir Mej\u00eda. An approach to winemaking in Colombia from the perspective of tourism and culture. In: BINDI, Letizia (Ed.). [&#8230;]<\/p>\n","protected":false},"author":1,"featured_media":0,"parent":0,"menu_order":0,"comment_status":"closed","ping_status":"closed","template":"","meta":{"ngg_post_thumbnail":0,"footnotes":""},"class_list":["post-1497","page","type-page","status-publish","hentry"],"_links":{"self":[{"href":"https:\/\/vineyardsnetwork.com\/environmentalhistory\/wp-json\/wp\/v2\/pages\/1497","targetHints":{"allow":["GET"]}}],"collection":[{"href":"https:\/\/vineyardsnetwork.com\/environmentalhistory\/wp-json\/wp\/v2\/pages"}],"about":[{"href":"https:\/\/vineyardsnetwork.com\/environmentalhistory\/wp-json\/wp\/v2\/types\/page"}],"author":[{"embeddable":true,"href":"https:\/\/vineyardsnetwork.com\/environmentalhistory\/wp-json\/wp\/v2\/users\/1"}],"replies":[{"embeddable":true,"href":"https:\/\/vineyardsnetwork.com\/environmentalhistory\/wp-json\/wp\/v2\/comments?post=1497"}],"version-history":[{"count":70,"href":"https:\/\/vineyardsnetwork.com\/environmentalhistory\/wp-json\/wp\/v2\/pages\/1497\/revisions"}],"predecessor-version":[{"id":1579,"href":"https:\/\/vineyardsnetwork.com\/environmentalhistory\/wp-json\/wp\/v2\/pages\/1497\/revisions\/1579"}],"wp:attachment":[{"href":"https:\/\/vineyardsnetwork.com\/environmentalhistory\/wp-json\/wp\/v2\/media?parent=1497"}],"curies":[{"name":"wp","href":"https:\/\/api.w.org\/{rel}","templated":true}]}}